{"id":412,"date":"2021-10-13T22:22:06","date_gmt":"2021-10-13T20:22:06","guid":{"rendered":"https:\/\/restaurantsiam.com\/?page_id=412"},"modified":"2026-04-02T19:52:18","modified_gmt":"2026-04-02T23:52:18","slug":"menus","status":"publish","type":"page","link":"https:\/\/restaurantsiam.com\/en\/menus\/","title":{"rendered":"Menus"},"content":{"rendered":"<div class=\"wpb-content-wrapper\">[vc_row el_class=&#8221;titre-vertical&#8221;][vc_column][vc_column_text]menu[\/vc_column_text][\/vc_column][\/vc_row][vc_section full_width=&#8221;stretch_row_content&#8221; el_class=&#8221;section-header&#8221;][vc_row][vc_column][vc_column_text]\n<h2 style=\"text-align: center;\">Thailand in your plate.<\/h2>\n<h1 style=\"text-align: center;\">Authentic flavors, fresh and quality ingredients.<\/h1>\n<p style=\"text-align: center;\">Thai cuisine is made with original and delicate ingredients such as curry, mint, lemongrass, coriander, kaffir, green lemon or red basil. Its perfumes and its colorful and spectacular presentations will certainly make you travel.<\/p>\n<p style=\"text-align: center;\">Siam offers you the great classics of Thai cuisine presented in a contemporary way. Experience the tradition of sharing typical of this Southeast Asian country in order to discover as many original flavor combinations as possible.<\/p>\n[\/vc_column_text][vc_single_image image=&#8221;340&#8243; img_size=&#8221;full&#8221; el_class=&#8221;sceau sceau-classique&#8221;][vc_single_image image=&#8221;350&#8243; img_size=&#8221;full&#8221; el_class=&#8221;feuilles&#8221;][\/vc_column][\/vc_row][\/vc_section][vc_section content_placement=&#8221;middle&#8221; disable_element=&#8221;yes&#8221; el_class=&#8221;section-mtlatable&#8221;][vc_row equal_height=&#8221;yes&#8221;][vc_column width=&#8221;3\/12&#8243;][vc_single_image image=&#8221;2303&#8243; img_size=&#8221;full&#8221; css=&#8221;&#8221;][\/vc_column][vc_column width=&#8221;9\/12&#8243;][vc_column_text css=&#8221;&#8221;]\n<h2>We\u2019re delighted to be participating once again in MTL \u00e0 Table! From October 30 to November 16, 2025, come and enjoy our special menu created for the occasion. Available from 4pm.<\/h2>\n<p><a href=\"https:\/\/restaurantsiam.com\/wp-content\/uploads\/2025\/09\/Menu_Siam_Mtl-a-table-2025_Print.pdf\">see the menu<\/a> <a class=\"simple-btn\" href=\"https:\/\/restaurantsiam.com\/en\/contact\/\">book your place<\/a>[\/vc_column_text][\/vc_column][\/vc_row][\/vc_section][vc_section el_class=&#8221;section-menus&#8221; el_id=&#8221;menus&#8221;][vc_row disable_element=&#8221;yes&#8221;][vc_column][vc_single_image image=&#8221;341&#8243; img_size=&#8221;full&#8221; alignment=&#8221;center&#8221; el_class=&#8221;elephant&#8221;][vc_column_text]\n<h2 style=\"text-align: center;\">see our menus<\/h2>\n[\/vc_column_text][\/vc_column][\/vc_row][vc_row full_width=&#8221;stretch_row_content&#8221; equal_height=&#8221;yes&#8221; el_id=&#8221;menu&#8221;][vc_column width=&#8221;1\/3&#8243;][vc_column_text css=&#8221;&#8221;]\n<p style=\"text-align: left;\">siam<\/p>\n<h1 style=\"text-align: left;\">CLASSIC<br \/>\nMENUS<\/h1>\n<p><em>Available in all of our restaurants<\/em><\/p>\n<p style=\"text-align: left;\"><a href=\"https:\/\/restaurantsiam.com\/wp-content\/uploads\/2025\/03\/ALC_SIAM_sans-prix_Fev-2025.pdf\" target=\"_blank\" rel=\"noopener\">eat<\/a><\/p>\n<p style=\"text-align: left;\"><a href=\"https:\/\/restaurantsiam.com\/wp-content\/uploads\/2025\/06\/SIAM_a-boire_mai2025.pdf\">drink<\/a><\/p>\n<p style=\"text-align: left;\"><a href=\"https:\/\/restaurantsiam.com\/wp-content\/uploads\/2025\/04\/Siam_menu-midi_table-hote-.pdf\" target=\"_blank\" rel=\"noopener\">lunch menu<\/a><\/p>\n<p style=\"text-align: left;\"><a href=\"\/wp-content\/uploads\/2023\/10\/Siam-menu-dessert_06-octobre-2023.pdf\" target=\"_blank\" rel=\"noopener\">desserts<\/a><\/p>\n[\/vc_column_text][\/vc_column][vc_column width=&#8221;1\/3&#8243;][vc_column_text]\n<p style=\"text-align: left;\">siam<\/p>\n<h1 style=\"text-align: left;\">GROUP<br \/>\nMENUS<\/h1>\n<p><em>Available in all of our restaurants<\/em><\/p>\n<h5>IMPORTANT<\/h5>\n<p><strong>Group menus are only available for groups of <span style=\"text-decoration: underline;\">at least 6 people<\/span>. They must be requested in advance and require validation. Choices cannot be changed.<\/strong><\/p>\n<p style=\"text-align: left;\"><a href=\"https:\/\/restaurantsiam.com\/wp-content\/uploads\/2024\/07\/menus_groupe_4.25x11_JUILLET2024_V3-1.pdf\" target=\"_blank\" rel=\"noopener\">group menus<\/a><\/p>\n[\/vc_column_text][\/vc_column][vc_column width=&#8221;1\/3&#8243;][vc_column_text css=&#8221;&#8221;]\n<p style=\"text-align: left;\">siam<\/p>\n<h1 style=\"text-align: left;\">SPECIAL<br \/>\nMENUS<\/h1>\n<p><em>Our special menus are generally valid for a certain period of time or for a particular restaurant.<\/em><\/p>\n<p style=\"text-align: left;\"><a href=\"https:\/\/restaurantsiam.com\/wp-content\/uploads\/2025\/04\/Menu-Spectacle_2025.pdf\" target=\"_blank\" rel=\"noopener\">SHOW<br \/>\n<small>(MONTREAL ONLY)<\/small><\/a><\/p>\n<p style=\"text-align: left;\"><a href=\"https:\/\/restaurantsiam.com\/wp-content\/uploads\/2025\/07\/Flyer_Soiree-Dames_.pdf\" target=\"_blank\" rel=\"noopener\">LADIES&#8217; NIGHT<br \/>\n<small>(DIX30 ONLY)<\/small><\/a><\/p>\n<p><a href=\"https:\/\/restaurantsiam.com\/wp-content\/uploads\/2026\/04\/Menu_Songkran-1.pdf\" target=\"_blank\" rel=\"noopener\">SONGKRAN<br \/>\nFROM APRIL 13 to 19<small><\/small><\/a>[\/vc_column_text][\/vc_column][\/vc_row][vc_row full_width=&#8221;stretch_row_content_no_spaces&#8221; content_placement=&#8221;middle&#8221; el_class=&#8221;banner-allergene&#8221;][vc_column][vc_column_text css=&#8221;&#8221;]\n<p style=\"text-align: center;\"><a href=\"https:\/\/restaurantsiam.com\/wp-content\/uploads\/2025\/11\/Allergenes_2025.pdf\" target=\"_blank\" rel=\"noopener\">CONSULT OUR ALLERGY SHEET HERE!<\/a><\/p>\n[\/vc_column_text][\/vc_column][\/vc_row][\/vc_section][vc_section full_width=&#8221;stretch_row&#8221; el_class=&#8221;section-signature&#8221;][vc_row][vc_column][vc_column_text]\n<h3 style=\"text-align: center;\">Our signature dishes<\/h3>\n<p style=\"text-align: center;\">Chicken Satay, duck wontons, beef jerky, papaya salad, mango salad, larb salad, tasting platters, Tom Yum soup, Tom Kah soup, Panang curry, green curry, yellow curry, red curry, pad thai, pad mee , pad seew, pad kra pao moo, chef Panithit&#8217;s crispy chicken or tofu, homemade desserts, and more.<\/p>\n[\/vc_column_text][vc_row_inner][vc_column_inner width=&#8221;1\/4&#8243;][vc_single_image image=&#8221;342&#8243; img_size=&#8221;full&#8221;][\/vc_column_inner][vc_column_inner width=&#8221;1\/4&#8243;][vc_single_image image=&#8221;344&#8243; img_size=&#8221;full&#8221;][\/vc_column_inner][vc_column_inner width=&#8221;1\/4&#8243;][vc_single_image image=&#8221;348&#8243; img_size=&#8221;full&#8221;][\/vc_column_inner][vc_column_inner width=&#8221;1\/4&#8243;][vc_single_image image=&#8221;343&#8243; img_size=&#8221;full&#8221;][\/vc_column_inner][\/vc_row_inner][vc_row_inner][vc_column_inner width=&#8221;1\/4&#8243;][vc_single_image image=&#8221;345&#8243; img_size=&#8221;full&#8221;][\/vc_column_inner][vc_column_inner width=&#8221;1\/4&#8243;][vc_single_image image=&#8221;347&#8243; img_size=&#8221;full&#8221;][\/vc_column_inner][vc_column_inner width=&#8221;1\/4&#8243;][vc_single_image image=&#8221;349&#8243; img_size=&#8221;full&#8221;][\/vc_column_inner][vc_column_inner width=&#8221;1\/4&#8243;][vc_single_image image=&#8221;346&#8243; img_size=&#8221;full&#8221;][\/vc_column_inner][\/vc_row_inner][\/vc_column][\/vc_row][\/vc_section][vc_section full_width=&#8221;stretch_row&#8221; content_placement=&#8221;middle&#8221; disable_element=&#8221;yes&#8221; el_class=&#8221;section-newsletter&#8221;][vc_row content_placement=&#8221;middle&#8221;][vc_column width=&#8221;1\/2&#8243;][vc_column_text]\n<h2>Abonnez-vous \u00e0 notre infolettre<\/h2>\n<p>Restez \u00e0 l\u2019aff\u00fbt de nos promotions et \u00e9v\u00e9nements.[\/vc_column_text][\/vc_column][vc_column width=&#8221;1\/2&#8243;]<script type=\"text\/javascript\">var gform;gform||(document.addEventListener(\"gform_main_scripts_loaded\",function(){gform.scriptsLoaded=!0}),document.addEventListener(\"gform\/theme\/scripts_loaded\",function(){gform.themeScriptsLoaded=!0}),window.addEventListener(\"DOMContentLoaded\",function(){gform.domLoaded=!0}),gform={domLoaded:!1,scriptsLoaded:!1,themeScriptsLoaded:!1,isFormEditor:()=>\"function\"==typeof InitializeEditor,callIfLoaded:function(o){return!(!gform.domLoaded||!gform.scriptsLoaded||!gform.themeScriptsLoaded&&!gform.isFormEditor()||(gform.isFormEditor()&&console.warn(\"The use of gform.initializeOnLoaded() is deprecated in the form editor context and will be removed in Gravity Forms 3.1.\"),o(),0))},initializeOnLoaded:function(o){gform.callIfLoaded(o)||(document.addEventListener(\"gform_main_scripts_loaded\",()=>{gform.scriptsLoaded=!0,gform.callIfLoaded(o)}),document.addEventListener(\"gform\/theme\/scripts_loaded\",()=>{gform.themeScriptsLoaded=!0,gform.callIfLoaded(o)}),window.addEventListener(\"DOMContentLoaded\",()=>{gform.domLoaded=!0,gform.callIfLoaded(o)}))},hooks:{action:{},filter:{}},addAction:function(o,r,e,t){gform.addHook(\"action\",o,r,e,t)},addFilter:function(o,r,e,t){gform.addHook(\"filter\",o,r,e,t)},doAction:function(o){gform.doHook(\"action\",o,arguments)},applyFilters:function(o){return gform.doHook(\"filter\",o,arguments)},removeAction:function(o,r){gform.removeHook(\"action\",o,r)},removeFilter:function(o,r,e){gform.removeHook(\"filter\",o,r,e)},addHook:function(o,r,e,t,n){null==gform.hooks[o][r]&&(gform.hooks[o][r]=[]);var d=gform.hooks[o][r];null==n&&(n=r+\"_\"+d.length),gform.hooks[o][r].push({tag:n,callable:e,priority:t=null==t?10:t})},doHook:function(r,o,e){var t;if(e=Array.prototype.slice.call(e,1),null!=gform.hooks[r][o]&&((o=gform.hooks[r][o]).sort(function(o,r){return o.priority-r.priority}),o.forEach(function(o){\"function\"!=typeof(t=o.callable)&&(t=window[t]),\"action\"==r?t.apply(null,e):e[0]=t.apply(null,e)})),\"filter\"==r)return e[0]},removeHook:function(o,r,t,n){var e;null!=gform.hooks[o][r]&&(e=(e=gform.hooks[o][r]).filter(function(o,r,e){return!!(null!=n&&n!=o.tag||null!=t&&t!=o.priority)}),gform.hooks[o][r]=e)}});<\/script>\n                <div class='gf_browser_chrome gform_wrapper gravity-theme gform-theme--no-framework' data-form-theme='gravity-theme' data-form-index='0' id='gform_wrapper_3' ><div id='gf_3' class='gform_anchor' tabindex='-1'><\/div><form method='post' enctype='multipart\/form-data' target='gform_ajax_frame_3' id='gform_3'  action='\/en\/wp-json\/wp\/v2\/pages\/412#gf_3' data-formid='3' novalidate>\n                        <div class='gform-body gform_body'><div id='gform_fields_3' class='gform_fields top_label form_sublabel_below description_below validation_below'><div id=\"field_3_2\" class=\"gfield gfield--type-email gfield--width-full gfield_contains_required field_sublabel_below gfield--no-description field_description_below hidden_label field_validation_below gfield_visibility_visible\"  data-js-reload=\"field_3_2\" ><label class='gfield_label gform-field-label' for='input_3_2'>Courriel<span class=\"gfield_required\"><span class=\"gfield_required gfield_required_text\">(Required)<\/span><\/span><\/label><div class='ginput_container ginput_container_email'>\n                            <input name='input_2' id='input_3_2' type='email' value='' class='large'   placeholder='Courriel' aria-required=\"true\" aria-invalid=\"false\"  \/>\n                        <\/div><\/div><div id=\"field_3_1\" class=\"gfield gfield--type-mailchimp gfield_contains_required field_sublabel_below gfield--no-description field_description_below field_validation_below gfield_visibility_visible\"  data-js-reload=\"field_3_1\" ><div class='ginput_container ginput_container_checkbox'><ul class='gfield_checkbox' id='input_3_1'><li class='gchoice_3_1'>\n                        <input name='input_1' type='checkbox' value='1' checked='checked' id='choice_3_1'   \/>\n                        <label for='choice_3_1' id='label_3_1'>Newsletter<\/label>\n                    <\/li><\/ul><\/div><\/div><\/div><\/div>\n        <div class='gform-footer gform_footer top_label'> <button class='vc_btn3-container custom-btn btn-bleu vc_btn3-center custom-btn btn-bleu' id='gform_submit_button_3'><a class='vc_general vc_btn3 vc_btn3-size-md vc_btn3-shape-square vc_btn3-style-flat vc_btn3-color-grey'>S'abonner<\/a><\/button> <input type='hidden' name='gform_ajax' value='form_id=3&amp;title=&amp;description=&amp;tabindex=0&amp;theme=gravity-theme&amp;styles=[]&amp;hash=56305962aaa4d0b1807d5ebc1c911e9d' \/>\n            <input type='hidden' class='gform_hidden' name='gform_submission_method' data-js='gform_submission_method_3' value='iframe' \/>\n            <input type='hidden' class='gform_hidden' name='gform_theme' data-js='gform_theme_3' id='gform_theme_3' value='gravity-theme' \/>\n            <input type='hidden' class='gform_hidden' name='gform_style_settings' data-js='gform_style_settings_3' id='gform_style_settings_3' value='[]' \/>\n            <input type='hidden' class='gform_hidden' name='is_submit_3' value='1' \/>\n            <input type='hidden' class='gform_hidden' name='gform_submit' value='3' \/>\n            \n            <input type='hidden' class='gform_hidden' name='gform_unique_id' value='' \/>\n            <input type='hidden' class='gform_hidden' name='state_3' value='WyJbXSIsIjc5YjcwNGVmMTQyZDk0Y2Q3ZTk2NTE2N2IzMzEyZDhhIl0=' \/>\n            <input type='hidden' autocomplete='off' class='gform_hidden' name='gform_target_page_number_3' id='gform_target_page_number_3' value='0' \/>\n            <input type='hidden' autocomplete='off' class='gform_hidden' name='gform_source_page_number_3' id='gform_source_page_number_3' value='1' \/>\n            <input type='hidden' name='gform_field_values' value='' \/>\n            \n        <\/div>\n                        <p style=\"display: none !important;\" class=\"akismet-fields-container\" data-prefix=\"ak_\"><label>&#916;<textarea name=\"ak_hp_textarea\" cols=\"45\" rows=\"8\" maxlength=\"100\"><\/textarea><\/label><input type=\"hidden\" id=\"ak_js_1\" name=\"ak_js\" value=\"51\"\/><script>document.getElementById( \"ak_js_1\" ).setAttribute( \"value\", ( new Date() ).getTime() );<\/script><\/p><\/form>\n                        <\/div>\n\t\t                <iframe style='display:none;width:0px;height:0px;' src='about:blank' name='gform_ajax_frame_3' id='gform_ajax_frame_3' title='This iframe contains the logic required to handle Ajax powered Gravity Forms.'><\/iframe>\n\t\t                <script type=\"text\/javascript\">\n\/* <![CDATA[ *\/\n gform.initializeOnLoaded( function() {gformInitSpinner( 3, 'https:\/\/restaurantsiam.com\/wp-content\/plugins\/gravityforms\/images\/spinner.svg', true );jQuery('#gform_ajax_frame_3').on('load',function(){var contents = jQuery(this).contents().find('*').html();var is_postback = contents.indexOf('GF_AJAX_POSTBACK') >= 0;if(!is_postback){return;}var form_content = jQuery(this).contents().find('#gform_wrapper_3');var is_confirmation = jQuery(this).contents().find('#gform_confirmation_wrapper_3').length > 0;var is_redirect = contents.indexOf('gformRedirect(){') >= 0;var is_form = form_content.length > 0 && ! is_redirect && ! is_confirmation;var mt = parseInt(jQuery('html').css('margin-top'), 10) + parseInt(jQuery('body').css('margin-top'), 10) + 100;if(is_form){jQuery('#gform_wrapper_3').html(form_content.html());if(form_content.hasClass('gform_validation_error')){jQuery('#gform_wrapper_3').addClass('gform_validation_error');} else {jQuery('#gform_wrapper_3').removeClass('gform_validation_error');}setTimeout( function() { \/* delay the scroll by 50 milliseconds to fix a bug in chrome *\/ jQuery(document).scrollTop(jQuery('#gform_wrapper_3').offset().top - mt); }, 50 );if(window['gformInitDatepicker']) {gformInitDatepicker();}if(window['gformInitPriceFields']) {gformInitPriceFields();}var current_page = jQuery('#gform_source_page_number_3').val();gformInitSpinner( 3, 'https:\/\/restaurantsiam.com\/wp-content\/plugins\/gravityforms\/images\/spinner.svg', true );jQuery(document).trigger('gform_page_loaded', [3, current_page]);window['gf_submitting_3'] = false;}else if(!is_redirect){var confirmation_content = jQuery(this).contents().find('.GF_AJAX_POSTBACK').html();if(!confirmation_content){confirmation_content = contents;}jQuery('#gform_wrapper_3').replaceWith(confirmation_content);jQuery(document).scrollTop(jQuery('#gf_3').offset().top - mt);jQuery(document).trigger('gform_confirmation_loaded', [3]);window['gf_submitting_3'] = false;wp.a11y.speak(jQuery('#gform_confirmation_message_3').text());}else{jQuery('#gform_3').append(contents);if(window['gformRedirect']) {gformRedirect();}}jQuery(document).trigger(\"gform_pre_post_render\", [{ formId: \"3\", currentPage: \"current_page\", abort: function() { this.preventDefault(); } }]);                if (event && event.defaultPrevented) {                return;         }        const gformWrapperDiv = document.getElementById( \"gform_wrapper_3\" );        if ( gformWrapperDiv ) {            const visibilitySpan = document.createElement( \"span\" );            visibilitySpan.id = \"gform_visibility_test_3\";            gformWrapperDiv.insertAdjacentElement( \"afterend\", visibilitySpan );        }        const visibilityTestDiv = document.getElementById( \"gform_visibility_test_3\" );        let postRenderFired = false;                function triggerPostRender() {            if ( postRenderFired ) {                return;            }            postRenderFired = true;            jQuery( document ).trigger( 'gform_post_render', [3, current_page] );            gform.utils.trigger( { event: 'gform\/postRender', native: false, data: { formId: 3, currentPage: current_page } } );            gform.utils.trigger( { event: 'gform\/post_render', native: false, data: { formId: 3, currentPage: current_page } } );            if ( visibilityTestDiv ) {                visibilityTestDiv.parentNode.removeChild( visibilityTestDiv );            }        }        function debounce( func, wait, immediate ) {            var timeout;            return function() {                var context = this, args = arguments;                var later = function() {                    timeout = null;                    if ( !immediate ) func.apply( context, args );                };                var callNow = immediate && !timeout;                clearTimeout( timeout );                timeout = setTimeout( later, wait );                if ( callNow ) func.apply( context, args );            };        }        const debouncedTriggerPostRender = debounce( function() {            triggerPostRender();        }, 200 );        if ( visibilityTestDiv && visibilityTestDiv.offsetParent === null ) {            const observer = new MutationObserver( ( mutations ) => {                mutations.forEach( ( mutation ) => {                    if ( mutation.type === 'attributes' && visibilityTestDiv.offsetParent !== null ) {                        debouncedTriggerPostRender();                        observer.disconnect();                    }                });            });            observer.observe( document.body, {                attributes: true,                childList: false,                subtree: true,                attributeFilter: [ 'style', 'class' ],            });        } else {            triggerPostRender();        }    } );} ); \n\/* ]]> *\/\n<\/script>\n[\/vc_column][\/vc_row][\/vc_section]\n<\/div>","protected":false},"excerpt":{"rendered":"<p>[vc_row el_class=&#8221;titre-vertical&#8221;][vc_column][vc_column_text]menu[\/vc_column_text][\/vc_column][\/vc_row][vc_section full_width=&#8221;stretch_row_content&#8221; el_class=&#8221;section-header&#8221;][vc_row][vc_column][vc_column_text] Thailand in your plate. Authentic flavors, fresh and quality ingredients. Thai cuisine is made with original and delicate ingredients such as curry, mint, lemongrass, coriander, kaffir, green lemon or red basil. Its perfumes and its colorful and spectacular presentations will certainly make you travel. Siam offers you the great classics of Thai cuisine presented in a &#8230;<\/p>\n","protected":false},"author":3,"featured_media":0,"parent":0,"menu_order":0,"comment_status":"closed","ping_status":"closed","template":"template-blank-1.php","meta":{"_monsterinsights_skip_tracking":false,"_monsterinsights_sitenote_active":false,"_monsterinsights_sitenote_note":"","_monsterinsights_sitenote_category":0,"footnotes":""},"class_list":["post-412","page","type-page","status-publish","hentry","no-post-thumbnail"],"yoast_head":"<!-- This site is optimized with the Yoast SEO plugin v27.3 - https:\/\/yoast.com\/product\/yoast-seo-wordpress\/ -->\n<title>Menus | Siam Thai Restaurant<\/title>\n<meta name=\"description\" content=\"The menus of our Siam restaurants in Saint-Jean-sur-Richelieu, Montreal and Brossard offer authentic Thai cuisine presented in a contemporary way.\" \/>\n<meta name=\"robots\" content=\"index, follow, max-snippet:-1, max-image-preview:large, max-video-preview:-1\" \/>\n<link rel=\"canonical\" href=\"https:\/\/restaurantsiam.com\/en\/menus\/\" \/>\n<meta property=\"og:locale\" content=\"en_US\" \/>\n<meta property=\"og:type\" content=\"article\" \/>\n<meta property=\"og:title\" content=\"Menus | Siam Thai Restaurant\" \/>\n<meta property=\"og:description\" content=\"The menus of our Siam restaurants in Saint-Jean-sur-Richelieu, Montreal and Brossard offer authentic Thai cuisine presented in a contemporary way.\" \/>\n<meta property=\"og:url\" content=\"https:\/\/restaurantsiam.com\/en\/menus\/\" \/>\n<meta property=\"og:site_name\" content=\"Restaurant Siam\" \/>\n<meta property=\"article:modified_time\" content=\"2026-04-02T23:52:18+00:00\" \/>\n<meta name=\"twitter:card\" content=\"summary_large_image\" \/>\n<meta name=\"twitter:label1\" content=\"Est. reading time\" \/>\n\t<meta name=\"twitter:data1\" content=\"5 minutes\" \/>\n<script type=\"application\/ld+json\" class=\"yoast-schema-graph\">{\"@context\":\"https:\\\/\\\/schema.org\",\"@graph\":[{\"@type\":\"WebPage\",\"@id\":\"https:\\\/\\\/restaurantsiam.com\\\/en\\\/menus\\\/\",\"url\":\"https:\\\/\\\/restaurantsiam.com\\\/en\\\/menus\\\/\",\"name\":\"Menus | Siam Thai Restaurant\",\"isPartOf\":{\"@id\":\"https:\\\/\\\/restaurantsiam.com\\\/#website\"},\"datePublished\":\"2021-10-13T20:22:06+00:00\",\"dateModified\":\"2026-04-02T23:52:18+00:00\",\"description\":\"The menus of our Siam restaurants in Saint-Jean-sur-Richelieu, Montreal and Brossard offer authentic Thai cuisine presented in a contemporary way.\",\"breadcrumb\":{\"@id\":\"https:\\\/\\\/restaurantsiam.com\\\/en\\\/menus\\\/#breadcrumb\"},\"inLanguage\":\"en-US\",\"potentialAction\":[{\"@type\":\"ReadAction\",\"target\":[\"https:\\\/\\\/restaurantsiam.com\\\/en\\\/menus\\\/\"]}]},{\"@type\":\"BreadcrumbList\",\"@id\":\"https:\\\/\\\/restaurantsiam.com\\\/en\\\/menus\\\/#breadcrumb\",\"itemListElement\":[{\"@type\":\"ListItem\",\"position\":1,\"name\":\"Accueil\",\"item\":\"https:\\\/\\\/restaurantsiam.com\\\/en\\\/\"},{\"@type\":\"ListItem\",\"position\":2,\"name\":\"Menus\"}]},{\"@type\":\"WebSite\",\"@id\":\"https:\\\/\\\/restaurantsiam.com\\\/#website\",\"url\":\"https:\\\/\\\/restaurantsiam.com\\\/\",\"name\":\"Restaurant Siam\",\"description\":\"\",\"potentialAction\":[{\"@type\":\"SearchAction\",\"target\":{\"@type\":\"EntryPoint\",\"urlTemplate\":\"https:\\\/\\\/restaurantsiam.com\\\/?s={search_term_string}\"},\"query-input\":{\"@type\":\"PropertyValueSpecification\",\"valueRequired\":true,\"valueName\":\"search_term_string\"}}],\"inLanguage\":\"en-US\"}]}<\/script>\n<!-- \/ Yoast SEO plugin. -->","yoast_head_json":{"title":"Menus | Siam Thai Restaurant","description":"The menus of our Siam restaurants in Saint-Jean-sur-Richelieu, Montreal and Brossard offer authentic Thai cuisine presented in a contemporary way.","robots":{"index":"index","follow":"follow","max-snippet":"max-snippet:-1","max-image-preview":"max-image-preview:large","max-video-preview":"max-video-preview:-1"},"canonical":"https:\/\/restaurantsiam.com\/en\/menus\/","og_locale":"en_US","og_type":"article","og_title":"Menus | Siam Thai Restaurant","og_description":"The menus of our Siam restaurants in Saint-Jean-sur-Richelieu, Montreal and Brossard offer authentic Thai cuisine presented in a contemporary way.","og_url":"https:\/\/restaurantsiam.com\/en\/menus\/","og_site_name":"Restaurant Siam","article_modified_time":"2026-04-02T23:52:18+00:00","twitter_card":"summary_large_image","twitter_misc":{"Est. reading time":"5 minutes"},"schema":{"@context":"https:\/\/schema.org","@graph":[{"@type":"WebPage","@id":"https:\/\/restaurantsiam.com\/en\/menus\/","url":"https:\/\/restaurantsiam.com\/en\/menus\/","name":"Menus | Siam Thai Restaurant","isPartOf":{"@id":"https:\/\/restaurantsiam.com\/#website"},"datePublished":"2021-10-13T20:22:06+00:00","dateModified":"2026-04-02T23:52:18+00:00","description":"The menus of our Siam restaurants in Saint-Jean-sur-Richelieu, Montreal and Brossard offer authentic Thai cuisine presented in a contemporary way.","breadcrumb":{"@id":"https:\/\/restaurantsiam.com\/en\/menus\/#breadcrumb"},"inLanguage":"en-US","potentialAction":[{"@type":"ReadAction","target":["https:\/\/restaurantsiam.com\/en\/menus\/"]}]},{"@type":"BreadcrumbList","@id":"https:\/\/restaurantsiam.com\/en\/menus\/#breadcrumb","itemListElement":[{"@type":"ListItem","position":1,"name":"Accueil","item":"https:\/\/restaurantsiam.com\/en\/"},{"@type":"ListItem","position":2,"name":"Menus"}]},{"@type":"WebSite","@id":"https:\/\/restaurantsiam.com\/#website","url":"https:\/\/restaurantsiam.com\/","name":"Restaurant Siam","description":"","potentialAction":[{"@type":"SearchAction","target":{"@type":"EntryPoint","urlTemplate":"https:\/\/restaurantsiam.com\/?s={search_term_string}"},"query-input":{"@type":"PropertyValueSpecification","valueRequired":true,"valueName":"search_term_string"}}],"inLanguage":"en-US"}]}},"_links":{"self":[{"href":"https:\/\/restaurantsiam.com\/en\/wp-json\/wp\/v2\/pages\/412","targetHints":{"allow":["GET"]}}],"collection":[{"href":"https:\/\/restaurantsiam.com\/en\/wp-json\/wp\/v2\/pages"}],"about":[{"href":"https:\/\/restaurantsiam.com\/en\/wp-json\/wp\/v2\/types\/page"}],"author":[{"embeddable":true,"href":"https:\/\/restaurantsiam.com\/en\/wp-json\/wp\/v2\/users\/3"}],"replies":[{"embeddable":true,"href":"https:\/\/restaurantsiam.com\/en\/wp-json\/wp\/v2\/comments?post=412"}],"version-history":[{"count":98,"href":"https:\/\/restaurantsiam.com\/en\/wp-json\/wp\/v2\/pages\/412\/revisions"}],"predecessor-version":[{"id":2648,"href":"https:\/\/restaurantsiam.com\/en\/wp-json\/wp\/v2\/pages\/412\/revisions\/2648"}],"wp:attachment":[{"href":"https:\/\/restaurantsiam.com\/en\/wp-json\/wp\/v2\/media?parent=412"}],"curies":[{"name":"wp","href":"https:\/\/api.w.org\/{rel}","templated":true}]}}